{"id":3455,"date":"2025-11-30T08:27:02","date_gmt":"2025-11-30T08:27:02","guid":{"rendered":"https:\/\/prazsky-hodinovy-manzel.cz\/our-services\/"},"modified":"2025-12-16T20:29:42","modified_gmt":"2025-12-16T20:29:42","slug":"services","status":"publish","type":"page","link":"https:\/\/prazsky-hodinovy-manzel.cz\/en\/services\/","title":{"rendered":"Services"},"content":{"rendered":"\t\t<div data-elementor-type=\"wp-page\" data-elementor-id=\"3455\" class=\"elementor elementor-3455 elementor-2709\">\n\t\t\t\t<div class=\"elementor-element elementor-element-5335b2c e-flex e-con-boxed e-con e-parent\" data-id=\"5335b2c\" data-element_type=\"container\" data-e-type=\"container\" data-settings=\"{&quot;background_background&quot;:&quot;classic&quot;}\">\n\t\t\t\t\t<div class=\"e-con-inner\">\n\t\t<div class=\"elementor-element elementor-element-7918a06 e-con-full e-flex e-con e-child\" data-id=\"7918a06\" data-element_type=\"container\" data-e-type=\"container\">\n\t\t<div class=\"elementor-element elementor-element-3448d83 e-con-full e-flex e-con e-child\" data-id=\"3448d83\" data-element_type=\"container\" data-e-type=\"container\">\n\t\t\t\t<div class=\"elementor-element elementor-element-fa6dd76 elementor-widget elementor-widget-rakarsectiontitle\" data-id=\"fa6dd76\" data-element_type=\"widget\" data-e-type=\"widget\" data-widget_type=\"rakarsectiontitle.default\">\n\t\t\t\t<div class=\"elementor-widget-container\">\n\t\t\t\t\t\t\t<div class=\"title-area  \">\n\t\t\t<span class=\"sub-title2 shape-white\"><img decoding=\"async\" src=\"https:\/\/prazsky-hodinovy-manzel.cz\/wp-content\/uploads\/2025\/11\/3333333.png\" alt=\"3333333\" title=\"\">COMPLETE SERVICE OFFER<\/span><h1 class=\"sec-title \">All Handyman Services in One Place<\/h1>\t\t<\/div>\n\n\t\t\t\t\t<\/div>\n\t\t\t\t<\/div>\n\t\t\t\t<div class=\"elementor-element elementor-element-53c75b3 elementor-widget elementor-widget-text-editor\" data-id=\"53c75b3\" data-element_type=\"widget\" data-e-type=\"widget\" data-widget_type=\"text-editor.default\">\n\t\t\t\t\t\t\t\t\t<p class=\"ff-title fs-18 fw-medium text-white\">Do you have a list of things that need fixing, but lack the time or tools? Leave it to us. We offer a full range of handyman services \u2013 from furniture assembly and drilling to outdoor and garden work. We work quickly, cleanly, and professionally. Below is an overview of all our services.<\/p>\t\t\t\t\t\t\t\t<\/div>\n\t\t\t\t<div class=\"elementor-element elementor-element-814e68d elementor-widget elementor-widget-rakarfeatures\" data-id=\"814e68d\" data-element_type=\"widget\" data-e-type=\"widget\" data-widget_type=\"rakarfeatures.default\">\n\t\t\t\t<div class=\"elementor-widget-container\">\n\t\t\t\t\t<div class=\"about-feature-wrap\"><div class=\"about-feature\"><div class=\"box-icon\"><img decoding=\"async\" src=\"https:\/\/prazsky-hodinovy-manzel.cz\/wp-content\/uploads\/2025\/11\/home.png\" alt=\"home\" title=\"\"><\/div><p class=\"box-title\">For Your Home<\/p><\/div><div class=\"about-feature\"><div class=\"box-icon\"><img decoding=\"async\" src=\"https:\/\/prazsky-hodinovy-manzel.cz\/wp-content\/uploads\/2025\/11\/firma.png\" alt=\"firma\" title=\"\"><\/div><p class=\"box-title\">For Offices<\/p><\/div><\/div>\t\t\t\t<\/div>\n\t\t\t\t<\/div>\n\t\t<div class=\"elementor-element elementor-element-78395a8 e-con-full e-flex e-con e-child\" data-id=\"78395a8\" data-element_type=\"container\" data-e-type=\"container\">\n\t\t\t\t<div class=\"elementor-element elementor-element-194e71c elementor-widget elementor-widget-rakarbutton\" data-id=\"194e71c\" data-element_type=\"widget\" data-e-type=\"widget\" data-widget_type=\"rakarbutton.default\">\n\t\t\t\t<div class=\"elementor-widget-container\">\n\t\t\t\t\t<div class=\"btn-wrapper\"><a class=\"th-btn th_btn style3\" href=\"https:\/\/prazsky-hodinovy-manzel.cz\/cenik\/\">From 499 CZK\/hour<i class=\"far fa-arrow-right\"><\/i><\/a><\/div>\t\t\t\t<\/div>\n\t\t\t\t<\/div>\n\t\t\t\t<div class=\"elementor-element elementor-element-8a6ad7d elementor-widget elementor-widget-html\" data-id=\"8a6ad7d\" data-element_type=\"widget\" data-e-type=\"widget\" data-widget_type=\"html.default\">\n\t\t\t\t\t<div class=\"call-btn\">\r\n<div class=\"play-btn\">\r\n    <i class=\"fal fa-phone\"><\/i>\r\n<\/div>\r\n<div class=\"media-body\">\r\n    <p class=\"box-label\">Call Us 24\/7<\/p>\r\n    <p class=\"box-link text-white\"><a href=\"tel:+420773800776\">773 800 776<\/a><\/p>\r\n<\/div>\r\n<\/div>\t\t\t\t<\/div>\n\t\t\t\t<\/div>\n\t\t\t\t<\/div>\n\t\t<div class=\"elementor-element elementor-element-6642afe e-con-full e-flex e-con e-child\" data-id=\"6642afe\" data-element_type=\"container\" data-e-type=\"container\">\n\t\t\t\t<div class=\"elementor-element elementor-element-16c19bf elementor-widget elementor-widget-rakarimage\" data-id=\"16c19bf\" data-element_type=\"widget\" data-e-type=\"widget\" data-widget_type=\"rakarimage.default\">\n\t\t\t\t<div class=\"elementor-widget-container\">\n\t\t\t\t\t<div class=\"img-box1 \"><div class=\"img1\"><img decoding=\"async\" src=\"https:\/\/prazsky-hodinovy-manzel.cz\/wp-content\/uploads\/2025\/11\/q7.png\" alt=\"q7\" title=\"\"><\/div><div class=\"box-badge\"><div class=\"spin-text\">\r\n\t\t\t\t\t\t\t<svg version=\"1.1\" xmlns=\"http:\/\/www.w3.org\/2000\/svg\" xmlns:xlink=\"http:\/\/www.w3.org\/1999\/xlink\" x=\"0px\" y=\"0px\" width=\"300px\" height=\"300px\" viewBox=\"0 0 300 300\" enable-background=\"new 0 0 300 300\" xml:space=\"preserve\">\r\n\t\t\t\t\t\t\t\t<defs>\r\n\t\t\t\t\t\t\t\t\t<path id=\"circlePath\" d=\"M 150, 150 m -60, 0 a 60,60 0 0,1 120,0 a 60,60 0 0,1 -120,0 \" \/>\r\n\t\t\t\t\t\t\t\t<\/defs>\r\n\t\t\t\t\t\t\t\t<circle cx=\"150\" cy=\"100\" r=\"75\" fill=\"none\" \/>\r\n\t\t\t\t\t\t\t\t<g>\r\n\t\t\t\t\t\t\t\t\t<use xlink:href=\"#circlePath\" fill=\"none\" \/>\r\n\t\t\t\t\t\t\t\t\t<text fill=\"#fff\">\r\n\t\t\t\t\t\t\t\t\t\t<textPath xlink:href=\"#circlePath\">HODINOV\u00dd MAN\u017dEL PRO PRAHU A OKOL\u00cd<\/textPath>\r\n\t\t\t\t\t\t\t\t\t<\/text>\r\n\t\t\t\t\t\t\t\t<\/g>\r\n\t\t\t\t\t\t\t<\/svg>\r\n\t\t\t\t\t\t<\/div><div class=\"box-icon\"><img decoding=\"async\" src=\"https:\/\/prazsky-hodinovy-manzel.cz\/wp-content\/uploads\/2025\/11\/11111.png\" alt=\"11111\" title=\"\"><\/div><\/div><img decoding=\"async\" src=\"https:\/\/wordpress.themehour.net\/rakar\/wp-content\/uploads\/2024\/07\/dots_1.svg\" alt=\"dots_1\" class=\"dot-shape\" title=\"\"><\/div>\t\t\t\t<\/div>\n\t\t\t\t<\/div>\n\t\t\t\t<\/div>\n\t\t\t\t<\/div>\n\t\t\t\t\t<\/div>\n\t\t\t\t<\/div>\n\t\t<div class=\"elementor-element elementor-element-8c8370e e-flex e-con-boxed e-con e-parent\" data-id=\"8c8370e\" data-element_type=\"container\" data-e-type=\"container\" data-settings=\"{&quot;background_background&quot;:&quot;classic&quot;}\">\n\t\t\t\t\t<div class=\"e-con-inner\">\n\t\t<div class=\"elementor-element elementor-element-eb23a87 e-con-full e-flex e-con e-child\" data-id=\"eb23a87\" data-element_type=\"container\" data-e-type=\"container\">\n\t\t\t\t<div class=\"elementor-element elementor-element-8b2c0dd elementor-widget__width-initial elementor-widget elementor-widget-rakarsectiontitle\" data-id=\"8b2c0dd\" data-element_type=\"widget\" data-e-type=\"widget\" data-widget_type=\"rakarsectiontitle.default\">\n\t\t\t\t<div class=\"elementor-widget-container\">\n\t\t\t\t\t\t\t<div class=\"title-area  \">\n\t\t\t<span class=\"sub-title shape-white\"><span class=\"line\"><\/span><img decoding=\"async\" src=\"https:\/\/prazsky-hodinovy-manzel.cz\/wp-content\/uploads\/2025\/12\/3333333.png\" alt=\"3333333\" title=\"\">OUR SERVICES<\/span><h2 class=\"sec-title \">We Handle What You Don\u2019t Have Time For<\/h2>\t\t<\/div>\n\n\t\t\t\t\t<\/div>\n\t\t\t\t<\/div>\n\t\t\t\t<div class=\"elementor-element elementor-element-5907167 elementor-widget elementor-widget-rakarbutton\" data-id=\"5907167\" data-element_type=\"widget\" data-e-type=\"widget\" data-widget_type=\"rakarbutton.default\">\n\t\t\t\t<div class=\"elementor-widget-container\">\n\t\t\t\t\t<div class=\"btn-wrapper\"><a class=\"th-btn th_btn style2 rounded-12\" href=\"https:\/\/prazsky-hodinovy-manzel.cz\/nase-sluzby\/\">View All Services<i class=\"far fa-arrow-right\"><\/i><\/a><\/div>\t\t\t\t<\/div>\n\t\t\t\t<\/div>\n\t\t\t\t<\/div>\n\t\t\t\t<div class=\"elementor-element elementor-element-501c1f0 elementor-widget elementor-widget-rakarshapeimage\" data-id=\"501c1f0\" data-element_type=\"widget\" data-e-type=\"widget\" data-widget_type=\"rakarshapeimage.default\">\n\t\t\t\t<div class=\"elementor-widget-container\">\n\t\t\t\t\t<!-- Image --><div class=\"shape-mockup sec-shape1  \" data-top=\"-1px\" data-left=\"-1px\"><img decoding=\"async\" class=\"\" src=\"https:\/\/prazsky-hodinovy-manzel.cz\/wp-content\/uploads\/2025\/12\/shape_1.png\" alt=\"Shape Image\" title=\"\"><\/div><!-- End Image -->\t\t\t\t<\/div>\n\t\t\t\t<\/div>\n\t\t\t\t<div class=\"elementor-element elementor-element-dbb69ba elementor-widget elementor-widget-rakarservice\" data-id=\"dbb69ba\" data-element_type=\"widget\" data-e-type=\"widget\" data-widget_type=\"rakarservice.default\">\n\t\t\t\t<div class=\"elementor-widget-container\">\n\t\t\t\t\t<div class=\"row\"><div class=\"col-xxl-4 col-lg-4 col-md-6\"><a href=\"\/montaz-nabytku-praha\/\" class=\"service-grid\" style=\"display: block;\"><div class=\"box-number\">01<\/div><div class=\"box-content\"><div class=\"box-icon\"><img decoding=\"async\" src=\"https:\/\/prazsky-hodinovy-manzel.cz\/wp-content\/uploads\/2025\/12\/50-1.png\" alt=\"50 1\" title=\"\"><\/div><h3 class=\"box-title\">Furniture Assembly<\/h3><p class=\"box-text\"><ul>\n<li>New furniture assembly (IKEA, JYSK)<\/li>\n<li class=\"\">Furniture disassembly\n<\/li>\n<li class=\"\">Furniture repairs\n<\/li>\n<li class=\"\">Wall mounting &amp; anchoring\n<\/li>\n\n<li class=\"\">Kitchen installation\n<\/li>\n<\/ul><\/p><\/div><div class=\"box-img\"><img decoding=\"async\" src=\"https:\/\/prazsky-hodinovy-manzel.cz\/wp-content\/uploads\/2025\/12\/x1-2.jpg\" alt=\"x1 2\" title=\"\"><\/div><\/a><\/div><div class=\"col-xxl-4 col-lg-4 col-md-6\"><a href=\"\/vrtani-a-instalace-praha\/\" class=\"service-grid\" style=\"display: block;\"><div class=\"box-number\">02<\/div><div class=\"box-content\"><div class=\"box-icon\"><img decoding=\"async\" src=\"https:\/\/prazsky-hodinovy-manzel.cz\/wp-content\/uploads\/2025\/12\/50-2.png\" alt=\"50 2\" title=\"\"><\/div><h3 class=\"box-title\">Drilling &amp; Installation<\/h3><p class=\"box-text\"><ul>\n<li>Curtain &amp; blind installation<\/li>\n<li>Shelves, mirrors &amp; TV mounting<\/li>\n<li class=\"\">Bathroom accessories install\n<\/li>\n<li class=\"\">Clothes dryer installation\n<\/li>\n<li class=\"\">Hooks &amp; hangers fixing\n<\/li>\n<\/ul><\/p><\/div><div class=\"box-img\"><img decoding=\"async\" src=\"https:\/\/prazsky-hodinovy-manzel.cz\/wp-content\/uploads\/2025\/12\/x2-2.jpg\" alt=\"x2 2\" title=\"\"><\/div><\/a><\/div><div class=\"col-xxl-4 col-lg-4 col-md-6\"><a href=\"\/servis-oken\/\" class=\"service-grid\" style=\"display: block;\"><div class=\"box-number\">03<\/div><div class=\"box-content\"><div class=\"box-icon\"><img decoding=\"async\" src=\"https:\/\/prazsky-hodinovy-manzel.cz\/wp-content\/uploads\/2025\/12\/50-3.png\" alt=\"50 3\" title=\"\"><\/div><h3 class=\"box-title\">Window Service<\/h3><p class=\"box-text\"><ul>\n<li>Window adjustment<\/li>\n<li>Seal replacement\n<\/li>\n<li class=\"\">Handle replacement\n<\/li>\n<li class=\"\">Threshold installation\n\n<\/li>\n<li class=\"\">Hinge lubrication\n<\/li>\n<\/ul><\/p><\/div><div class=\"box-img\"><img decoding=\"async\" src=\"https:\/\/prazsky-hodinovy-manzel.cz\/wp-content\/uploads\/2025\/12\/x3-2.jpg\" alt=\"x3 2\" title=\"\"><\/div><\/a><\/div><\/div>\t\t\t\t<\/div>\n\t\t\t\t<\/div>\n\t\t\t\t<div class=\"elementor-element elementor-element-34a0f97 elementor-widget elementor-widget-rakarservice\" data-id=\"34a0f97\" data-element_type=\"widget\" data-e-type=\"widget\" data-widget_type=\"rakarservice.default\">\n\t\t\t\t<div class=\"elementor-widget-container\">\n\t\t\t\t\t<div class=\"row\"><div class=\"col-xxl-4 col-lg-4 col-md-6\"><a href=\"\/instalaterske-prace-praha\/\" class=\"service-grid\" style=\"display: block;\"><div class=\"box-number\">04<\/div><div class=\"box-content\"><div class=\"box-icon\"><img decoding=\"async\" src=\"https:\/\/prazsky-hodinovy-manzel.cz\/wp-content\/uploads\/2025\/12\/50-4.png\" alt=\"50 4\" title=\"\"><\/div><h3 class=\"box-title\">Plumbing Services<\/h3><p class=\"box-text\"><ul>\n<li>Tap replacement<\/li>\n<li>Leaking tap repair<\/li><li>Drain &amp; siphon cleaning\n<\/li>\n<li>Toilet flush repair\n<\/li>\n<li class=\"\">Silicone replacement\n\n<\/li>\n<\/ul><\/p><\/div><div class=\"box-img\"><img decoding=\"async\" src=\"https:\/\/prazsky-hodinovy-manzel.cz\/wp-content\/uploads\/2025\/12\/x4-2.jpg\" alt=\"x4 2\" title=\"\"><\/div><\/a><\/div><div class=\"col-xxl-4 col-lg-4 col-md-6\"><a href=\"\/elektro-prace-praha\/\" class=\"service-grid\" style=\"display: block;\"><div class=\"box-number\">05<\/div><div class=\"box-content\"><div class=\"box-icon\"><img decoding=\"async\" src=\"https:\/\/prazsky-hodinovy-manzel.cz\/wp-content\/uploads\/2025\/12\/50-5.png\" alt=\"50 5\" title=\"\"><\/div><h3 class=\"box-title\">Minor Electrical Work<\/h3><p class=\"box-text\"><ul>\n<li>Light installation (LED)<\/li>\n<li>Socket &amp; switch replacement\n<\/li>\n<li class=\"\">Appliance connection\n<\/li>\n<li class=\"\">Bulb replacement\n<\/li>\n<li class=\"\">Cable trunking\n<\/li>\n<\/ul><\/p><\/div><div class=\"box-img\"><img decoding=\"async\" src=\"https:\/\/prazsky-hodinovy-manzel.cz\/wp-content\/uploads\/2025\/12\/x5.jpg\" alt=\"x5\" title=\"\"><\/div><\/a><\/div><div class=\"col-xxl-4 col-lg-4 col-md-6\"><a href=\"\/malirske-prace-praha\/\" class=\"service-grid\" style=\"display: block;\"><div class=\"box-number\">06<\/div><div class=\"box-content\"><div class=\"box-icon\"><img decoding=\"async\" src=\"https:\/\/prazsky-hodinovy-manzel.cz\/wp-content\/uploads\/2025\/12\/50-6.png\" alt=\"50 6\" title=\"\"><\/div><h3 class=\"box-title\">Painting Services<\/h3><p class=\"box-text\"><ul>\n<li>Hole &amp; crack filling<\/li>\n<li>Wall surface repairs <\/li>\n<li class=\"\">Room &amp; wall painting\n<\/li>\n<li class=\"\">Mold removal &amp; treatment\n<\/li>\n<li class=\"\">Paint &amp; wallpaper removal\n<\/ul><\/p><\/div><div class=\"box-img\"><img decoding=\"async\" src=\"https:\/\/prazsky-hodinovy-manzel.cz\/wp-content\/uploads\/2025\/12\/x6.jpg\" alt=\"x6\" title=\"\"><\/div><\/a><\/div><\/div>\t\t\t\t<\/div>\n\t\t\t\t<\/div>\n\t\t\t\t<div class=\"elementor-element elementor-element-40fcf35 elementor-widget elementor-widget-rakarservice\" data-id=\"40fcf35\" data-element_type=\"widget\" data-e-type=\"widget\" data-widget_type=\"rakarservice.default\">\n\t\t\t\t<div class=\"elementor-widget-container\">\n\t\t\t\t\t<div class=\"row\"><div class=\"col-xxl-4 col-lg-4 col-md-6\"><a href=\"\/pomoc-pri-stehovani-praha\/\" class=\"service-grid\" style=\"display: block;\"><div class=\"box-number\">07<\/div><div class=\"box-content\"><div class=\"box-icon\"><img decoding=\"async\" src=\"https:\/\/prazsky-hodinovy-manzel.cz\/wp-content\/uploads\/2025\/12\/50-8.png\" alt=\"50 8\" title=\"\"><\/div><h3 class=\"box-title\">Moving Assistance<\/h3><p class=\"box-text\"><ul>\n<li>Packing boxes &amp; wrap<\/li>\n<li>Furniture carrying\n<\/li>\n<li class=\"\">Furniture disassembly &amp; reassembly\n<\/li>\n<li class=\"\">Loading &amp; unloading\n<\/li>\n<li class=\"\">Appliance disconnection\n<\/li>\n<\/ul><\/p><\/div><div class=\"box-img\"><img decoding=\"async\" src=\"https:\/\/prazsky-hodinovy-manzel.cz\/wp-content\/uploads\/2025\/12\/x7.jpg\" alt=\"x7\" title=\"\"><\/div><\/a><\/div><div class=\"col-xxl-4 col-lg-4 col-md-6\"><a href=\"\/uklid-a-vyklizeni-praha\/\" class=\"service-grid\" style=\"display: block;\"><div class=\"box-number\">08<\/div><div class=\"box-content\"><div class=\"box-icon\"><img decoding=\"async\" src=\"https:\/\/prazsky-hodinovy-manzel.cz\/wp-content\/uploads\/2025\/12\/50-9.png\" alt=\"50 9\" title=\"\"><\/div><h3 class=\"box-title\">Cleaning &amp; Clearance<\/h3><p class=\"box-text\"><ul>\n<li>Post-renovation cleaning<\/li>\n<li>Construction waste removal\n<\/li>\n<li class=\"\">Basement &amp; garage clearance\n<\/li>\n<li class=\"\">Old furniture disposal\n<\/li>\n<li class=\"\">Property preparation\n<\/li>\n<\/ul><\/p><\/div><div class=\"box-img\"><img decoding=\"async\" src=\"https:\/\/prazsky-hodinovy-manzel.cz\/wp-content\/uploads\/2025\/12\/x8.jpg\" alt=\"x8\" title=\"\"><\/div><\/a><\/div><div class=\"col-xxl-4 col-lg-4 col-md-6\"><a href=\"\/zahradni-prace-praha\/\" class=\"service-grid\" style=\"display: block;\"><div class=\"box-number\">09<\/div><div class=\"box-content\"><div class=\"box-icon\"><img decoding=\"async\" src=\"https:\/\/prazsky-hodinovy-manzel.cz\/wp-content\/uploads\/2025\/12\/50-7.png\" alt=\"50 7\" title=\"\"><\/div><h3 class=\"box-title\">Garden Services<\/h3><p class=\"box-text\"><ul>\n<li>Lawn mowing &amp; care\n<\/li>\n<li>Hedge &amp; shrub trimming\n<\/li>\n<li class=\"\">Leaf removal &amp; green waste\n<\/li>\n<li class=\"\">Pressure washing (WAP)\n<\/li>\n<li class=\"\">Fence &amp; shed painting\n<\/li>\n<\/ul><\/p><\/div><div class=\"box-img\"><img decoding=\"async\" src=\"https:\/\/prazsky-hodinovy-manzel.cz\/wp-content\/uploads\/2025\/12\/x9.jpg\" alt=\"x9\" title=\"\"><\/div><\/a><\/div><\/div>\t\t\t\t<\/div>\n\t\t\t\t<\/div>\n\t\t\t\t\t<\/div>\n\t\t\t\t<\/div>\n\t\t<div class=\"elementor-element elementor-element-1df82cf e-flex e-con-boxed e-con e-parent\" data-id=\"1df82cf\" data-element_type=\"container\" data-e-type=\"container\" data-settings=\"{&quot;background_background&quot;:&quot;classic&quot;}\">\n\t\t\t\t\t<div class=\"e-con-inner\">\n\t\t<div class=\"elementor-element elementor-element-af429af e-con-full e-flex e-con e-child\" data-id=\"af429af\" data-element_type=\"container\" data-e-type=\"container\">\n\t\t<div class=\"elementor-element elementor-element-60aed5a e-con-full e-flex e-con e-child\" data-id=\"60aed5a\" data-element_type=\"container\" data-e-type=\"container\">\n\t\t\t\t<div class=\"elementor-element elementor-element-17c781b elementor-widget elementor-widget-rakarimage\" data-id=\"17c781b\" data-element_type=\"widget\" data-e-type=\"widget\" data-widget_type=\"rakarimage.default\">\n\t\t\t\t<div class=\"elementor-widget-container\">\n\t\t\t\t\t<div class=\"img-box6\"><div class=\"img1\"><img decoding=\"async\" src=\"https:\/\/prazsky-hodinovy-manzel.cz\/wp-content\/uploads\/2025\/12\/z2.png\" alt=\"z2\" title=\"\"><\/div><div class=\"year-box\"><div class=\"box-number\"><span class=\"counter-number\">10<\/span><\/div><p class=\"box-text\">YEARS EXP<\/p><\/div><\/div>\t\t\t\t<\/div>\n\t\t\t\t<\/div>\n\t\t\t\t<\/div>\n\t\t<div class=\"elementor-element elementor-element-f281e50 e-con-full e-flex e-con e-child\" data-id=\"f281e50\" data-element_type=\"container\" data-e-type=\"container\">\n\t\t\t\t<div class=\"elementor-element elementor-element-f5e3002 elementor-widget elementor-widget-rakarsectiontitle\" data-id=\"f5e3002\" data-element_type=\"widget\" data-e-type=\"widget\" data-widget_type=\"rakarsectiontitle.default\">\n\t\t\t\t<div class=\"elementor-widget-container\">\n\t\t\t\t\t\t\t<div class=\"title-area  \">\n\t\t\t<span class=\"sub-title \"><span class=\"line\"><\/span><img decoding=\"async\" src=\"https:\/\/prazsky-hodinovy-manzel.cz\/wp-content\/uploads\/2025\/12\/11111.png\" alt=\"11111\" title=\"\">WHY CHOOSE US<\/span><h2 class=\"sec-title \">Quality Work You Can Rely On<\/h2><p>As an experienced handyman with over 10 years of practice, I know how to handle any household task. Whether it\u2019s IKEA furniture assembly, a leaking tap, or installing curtain rods. I always deliver clean, reliable work to your full satisfaction.<\/p>\t\t<\/div>\n\n\t\t\t\t\t<\/div>\n\t\t\t\t<\/div>\n\t\t\t\t<div class=\"elementor-element elementor-element-d1ecf3a elementor-widget__width-initial elementor-widget elementor-widget-html\" data-id=\"d1ecf3a\" data-element_type=\"widget\" data-e-type=\"widget\" data-widget_type=\"html.default\">\n\t\t\t\t\t<div class=\"checklist list-two-column fw-regular\">\r\n<ul>\r\n    <li>Prague & nearby areas<\/li>\r\n    <li>Weekends available<\/li>\r\n    <li>On-time arrival<\/li>\r\n    <li>Professional approach<\/li>\r\n    <li>Arrival within 30 min<\/li>\r\n    <li>Price agreed upfront<\/li>\r\n    <li>Any task handled<\/li>\r\n    <li>Card \/ QR payments<\/li>\r\n<\/ul>\r\n<\/div>\t\t\t\t<\/div>\n\t\t<div class=\"elementor-element elementor-element-9a84ef3 e-con-full e-flex e-con e-child\" data-id=\"9a84ef3\" data-element_type=\"container\" data-e-type=\"container\">\n\t\t\t\t<div class=\"elementor-element elementor-element-bff4646 elementor-widget elementor-widget-rakarbutton\" data-id=\"bff4646\" data-element_type=\"widget\" data-e-type=\"widget\" data-widget_type=\"rakarbutton.default\">\n\t\t\t\t<div class=\"elementor-widget-container\">\n\t\t\t\t\t<div class=\"btn-wrapper\"><a class=\"th-btn th_btn style4 rounded-10\" href=\"https:\/\/prazsky-hodinovy-manzel.cz\/kontakty\/\">Contact Us<i class=\"far fa-arrow-right\"><\/i><\/a><\/div>\t\t\t\t<\/div>\n\t\t\t\t<\/div>\n\t\t\t\t<div class=\"elementor-element elementor-element-3062382 elementor-widget elementor-widget-html\" data-id=\"3062382\" data-element_type=\"widget\" data-e-type=\"widget\" data-widget_type=\"html.default\">\n\t\t\t\t\t<div class=\"call-btn\">\r\n    <a href=\"tel:+420773800776\">\r\n        <div class=\"play-btn\">\r\n            <i class=\"fal fa-phone\"><\/i>\r\n        <\/div>\r\n    <\/a>\r\n    <div class=\"media-body\">\r\n        <p class=\"box-label\">Volejte 24\/7<\/p>\r\n        <p class=\"box-link\">\r\n            <a href=\"tel:+420773800776\" style=\"color:#101111\">773 800 776<\/a>\r\n        <\/p>\r\n    <\/div>\r\n<\/div>\t\t\t\t<\/div>\n\t\t\t\t<div class=\"elementor-element elementor-element-0aa1ff0 elementor-widget elementor-widget-html\" data-id=\"0aa1ff0\" data-element_type=\"widget\" data-e-type=\"widget\" data-widget_type=\"html.default\">\n\t\t\t\t\t<div class=\"call-btn\">\r\n    <a href=\"https:\/\/wa.me\/420773800776\" target=\"_blank\" rel=\"noopener\">\r\n        <div class=\"play-btn\">\r\n          <i class=\"fa-brands fa-whatsapp\"><\/i>\r\n        <\/div>\r\n    <\/a>\r\n    \r\n    <div class=\"media-body\">\r\n      <p class=\"box-label\">Napi\u0161te n\u00e1m<\/p>\r\n      <p class=\"box-link\"><a href=\"https:\/\/wa.me\/+420773800776\" style=\"color:#101111\" target=\"_blank\" rel=\"noopener\">773 800 776<\/a>\r\n      <\/p>\r\n    <\/div>\r\n<\/div>\r\n\r\n\t\t\t\t<\/div>\n\t\t\t\t<\/div>\n\t\t\t\t<\/div>\n\t\t\t\t<\/div>\n\t\t\t\t\t<\/div>\n\t\t\t\t<\/div>\n\t\t\t\t<\/div>\n\t\t","protected":false},"excerpt":{"rendered":"<p>COMPLETE SERVICE OFFER All Handyman Services in One Place Do you have a list of things that need fixing, but lack the time or tools? Leave it to us. We offer a full range of handyman services \u2013 from furniture assembly and drilling to outdoor and garden work. We work quickly, cleanly, and professionally. Below&#8230;<\/p>\n","protected":false},"author":1,"featured_media":0,"parent":0,"menu_order":0,"comment_status":"closed","ping_status":"closed","template":"template-builder.php","meta":{"footnotes":""},"class_list":["post-3455","page","type-page","status-publish","hentry"],"_links":{"self":[{"href":"https:\/\/prazsky-hodinovy-manzel.cz\/en\/wp-json\/wp\/v2\/pages\/3455","targetHints":{"allow":["GET"]}}],"collection":[{"href":"https:\/\/prazsky-hodinovy-manzel.cz\/en\/wp-json\/wp\/v2\/pages"}],"about":[{"href":"https:\/\/prazsky-hodinovy-manzel.cz\/en\/wp-json\/wp\/v2\/types\/page"}],"author":[{"embeddable":true,"href":"https:\/\/prazsky-hodinovy-manzel.cz\/en\/wp-json\/wp\/v2\/users\/1"}],"replies":[{"embeddable":true,"href":"https:\/\/prazsky-hodinovy-manzel.cz\/en\/wp-json\/wp\/v2\/comments?post=3455"}],"version-history":[{"count":21,"href":"https:\/\/prazsky-hodinovy-manzel.cz\/en\/wp-json\/wp\/v2\/pages\/3455\/revisions"}],"predecessor-version":[{"id":3885,"href":"https:\/\/prazsky-hodinovy-manzel.cz\/en\/wp-json\/wp\/v2\/pages\/3455\/revisions\/3885"}],"wp:attachment":[{"href":"https:\/\/prazsky-hodinovy-manzel.cz\/en\/wp-json\/wp\/v2\/media?parent=3455"}],"curies":[{"name":"wp","href":"https:\/\/api.w.org\/{rel}","templated":true}]}}